{"id":489,"date":"2026-02-27T21:39:29","date_gmt":"2026-02-27T20:39:29","guid":{"rendered":"https:\/\/stolslaw.pl\/?page_id=489"},"modified":"2026-04-15T10:22:46","modified_gmt":"2026-04-15T08:22:46","slug":"projekty-ue","status":"publish","type":"page","link":"https:\/\/stolslaw.pl\/?page_id=489","title":{"rendered":"Projekty UE"},"content":{"rendered":"\n<h2 class=\"wp-block-heading\">Projekty wsp\u00f3\u0142finansowane ze \u015brodk\u00f3w UE<\/h2>\n\n\n\n<p>Tytu\u0142: To dobrze si\u0119 sk\u0142ada! Rozw\u00f3j dzia\u0142alno\u015bci dzi\u0119ki wdro\u017ceniu do oferty mebli do samodzielnego sk\u0142adania<\/p>\n\n\n\n<p>Beneficjent: S\u0141AWOMIR PIASECZNY &#8222;STOL-S\u0141AW&#8221;<br>Cel: Za\u0142o\u017ceniem projektu jest zmiana profilu dzia\u0142alno\u015bci firmy stolarskiej STOL-S\u0141AW dzi\u0119ki wdro\u017ceniu do oferty mebli do samodzielnego sk\u0142adania (typu flat-pack) w celu poprawy konkurencyjno\u015bci firmy.<br>Dzia\u0142ania i rezultaty: Przedmiotem projektu jest unowocze\u015bnienie dzia\u0142alno\u015bci stolarni poprzez inwestycj\u0119 w pi\u0142\u0119 formatow\u0105 premium, centrum obr\u00f3bcze CNC oraz oprogramowanie do projektowania mebli. Dzi\u0119ki temu rozszerzymy ofert\u0119 o meble do samodzielnego sk\u0142adania.<br>Ca\u0142kowita warto\u015b\u0107 projektu: 588 851.18 PLN<br>Wysoko\u015b\u0107 dofinansowania: 399 980,25 PLN<br>Projekt wsp\u00f3\u0142finansowany przez Uni\u0119 Europejsk\u0105 w ramach programu Fundusze Europejskie dla \u015al\u0105skiego 2021\u20132027 ze \u015brodk\u00f3w Funduszu na rzecz Sprawiedliwej Transformacji.<\/p>\n\n\n\n<figure class=\"wp-block-image size-large\"><img loading=\"lazy\" decoding=\"async\" width=\"1024\" height=\"111\" src=\"https:\/\/stolslaw.pl\/wp-content\/uploads\/2026\/02\/FE-SL-kolor-poziom-1024x111.png\" alt=\"\" class=\"wp-image-490\" srcset=\"https:\/\/stolslaw.pl\/wp-content\/uploads\/2026\/02\/FE-SL-kolor-poziom-1024x111.png 1024w, https:\/\/stolslaw.pl\/wp-content\/uploads\/2026\/02\/FE-SL-kolor-poziom-300x32.png 300w, https:\/\/stolslaw.pl\/wp-content\/uploads\/2026\/02\/FE-SL-kolor-poziom-768x83.png 768w, https:\/\/stolslaw.pl\/wp-content\/uploads\/2026\/02\/FE-SL-kolor-poziom-1536x166.png 1536w, https:\/\/stolslaw.pl\/wp-content\/uploads\/2026\/02\/FE-SL-kolor-poziom.png 2020w\" sizes=\"auto, (max-width: 1024px) 100vw, 1024px\" \/><\/figure>\n","protected":false},"excerpt":{"rendered":"<p>Projekty wsp\u00f3\u0142finansowane ze \u015brodk\u00f3w UE Tytu\u0142: To dobrze si\u0119 sk\u0142ada! Rozw\u00f3j dzia\u0142alno\u015bci dzi\u0119ki wdro\u017ceniu do oferty mebli do samodzielnego sk\u0142adania Beneficjent: S\u0141AWOMIR PIASECZNY &#8222;STOL-S\u0141AW&#8221;Cel: Za\u0142o\u017ceniem projektu jest zmiana profilu dzia\u0142alno\u015bci firmy stolarskiej STOL-S\u0141AW dzi\u0119ki wdro\u017ceniu do oferty mebli do samodzielnego sk\u0142adania (typu flat-pack) w celu poprawy konkurencyjno\u015bci firmy.Dzia\u0142ania i rezultaty: Przedmiotem projektu jest unowocze\u015bnienie dzia\u0142alno\u015bci [&hellip;]<\/p>\n","protected":false},"author":2,"featured_media":0,"parent":0,"menu_order":0,"comment_status":"closed","ping_status":"closed","template":"","meta":{"_editorskit_title_hidden":false,"_editorskit_reading_time":0,"_editorskit_is_block_options_detached":false,"_editorskit_block_options_position":"{}","footnotes":""},"class_list":["post-489","page","type-page","status-publish","hentry"],"yoast_head":"<!-- This site is optimized with the Yoast SEO plugin v23.0 - https:\/\/yoast.com\/wordpress\/plugins\/seo\/ -->\n<title>Projekty UE -<\/title>\n<meta name=\"robots\" content=\"index, follow, max-snippet:-1, max-image-preview:large, max-video-preview:-1\" \/>\n<link rel=\"canonical\" href=\"https:\/\/stolslaw.pl\/?page_id=489\" \/>\n<meta property=\"og:locale\" content=\"pl_PL\" \/>\n<meta property=\"og:type\" content=\"article\" \/>\n<meta property=\"og:title\" content=\"Projekty UE -\" \/>\n<meta property=\"og:description\" content=\"Projekty wsp\u00f3\u0142finansowane ze \u015brodk\u00f3w UE Tytu\u0142: To dobrze si\u0119 sk\u0142ada! Rozw\u00f3j dzia\u0142alno\u015bci dzi\u0119ki wdro\u017ceniu do oferty mebli do samodzielnego sk\u0142adania Beneficjent: S\u0141AWOMIR PIASECZNY &#8222;STOL-S\u0141AW&#8221;Cel: Za\u0142o\u017ceniem projektu jest zmiana profilu dzia\u0142alno\u015bci firmy stolarskiej STOL-S\u0141AW dzi\u0119ki wdro\u017ceniu do oferty mebli do samodzielnego sk\u0142adania (typu flat-pack) w celu poprawy konkurencyjno\u015bci firmy.Dzia\u0142ania i rezultaty: Przedmiotem projektu jest unowocze\u015bnienie dzia\u0142alno\u015bci [&hellip;]\" \/>\n<meta property=\"og:url\" content=\"https:\/\/stolslaw.pl\/?page_id=489\" \/>\n<meta property=\"article:modified_time\" content=\"2026-04-15T08:22:46+00:00\" \/>\n<meta property=\"og:image\" content=\"https:\/\/stolslaw.pl\/wp-content\/uploads\/2026\/02\/FE-SL-kolor-poziom-1024x111.png\" \/>\n<meta name=\"twitter:card\" content=\"summary_large_image\" \/>\n<meta name=\"twitter:label1\" content=\"Szacowany czas czytania\" \/>\n\t<meta name=\"twitter:data1\" content=\"1 minuta\" \/>\n<script type=\"application\/ld+json\" class=\"yoast-schema-graph\">{\"@context\":\"https:\/\/schema.org\",\"@graph\":[{\"@type\":\"WebPage\",\"@id\":\"https:\/\/stolslaw.pl\/?page_id=489\",\"url\":\"https:\/\/stolslaw.pl\/?page_id=489\",\"name\":\"Projekty UE -\",\"isPartOf\":{\"@id\":\"https:\/\/stolslaw.pl\/#website\"},\"primaryImageOfPage\":{\"@id\":\"https:\/\/stolslaw.pl\/?page_id=489#primaryimage\"},\"image\":{\"@id\":\"https:\/\/stolslaw.pl\/?page_id=489#primaryimage\"},\"thumbnailUrl\":\"https:\/\/stolslaw.pl\/wp-content\/uploads\/2026\/02\/FE-SL-kolor-poziom-1024x111.png\",\"datePublished\":\"2026-02-27T20:39:29+00:00\",\"dateModified\":\"2026-04-15T08:22:46+00:00\",\"breadcrumb\":{\"@id\":\"https:\/\/stolslaw.pl\/?page_id=489#breadcrumb\"},\"inLanguage\":\"pl-PL\",\"potentialAction\":[{\"@type\":\"ReadAction\",\"target\":[\"https:\/\/stolslaw.pl\/?page_id=489\"]}]},{\"@type\":\"ImageObject\",\"inLanguage\":\"pl-PL\",\"@id\":\"https:\/\/stolslaw.pl\/?page_id=489#primaryimage\",\"url\":\"https:\/\/stolslaw.pl\/wp-content\/uploads\/2026\/02\/FE-SL-kolor-poziom.png\",\"contentUrl\":\"https:\/\/stolslaw.pl\/wp-content\/uploads\/2026\/02\/FE-SL-kolor-poziom.png\",\"width\":2020,\"height\":218},{\"@type\":\"BreadcrumbList\",\"@id\":\"https:\/\/stolslaw.pl\/?page_id=489#breadcrumb\",\"itemListElement\":[{\"@type\":\"ListItem\",\"position\":1,\"name\":\"Strona g\u0142\u00f3wna\",\"item\":\"https:\/\/stolslaw.pl\/\"},{\"@type\":\"ListItem\",\"position\":2,\"name\":\"Projekty UE\"}]},{\"@type\":\"WebSite\",\"@id\":\"https:\/\/stolslaw.pl\/#website\",\"url\":\"https:\/\/stolslaw.pl\/\",\"name\":\"\",\"description\":\"\",\"potentialAction\":[{\"@type\":\"SearchAction\",\"target\":{\"@type\":\"EntryPoint\",\"urlTemplate\":\"https:\/\/stolslaw.pl\/?s={search_term_string}\"},\"query-input\":\"required name=search_term_string\"}],\"inLanguage\":\"pl-PL\"}]}<\/script>\n<!-- \/ Yoast SEO plugin. -->","yoast_head_json":{"title":"Projekty UE -","robots":{"index":"index","follow":"follow","max-snippet":"max-snippet:-1","max-image-preview":"max-image-preview:large","max-video-preview":"max-video-preview:-1"},"canonical":"https:\/\/stolslaw.pl\/?page_id=489","og_locale":"pl_PL","og_type":"article","og_title":"Projekty UE -","og_description":"Projekty wsp\u00f3\u0142finansowane ze \u015brodk\u00f3w UE Tytu\u0142: To dobrze si\u0119 sk\u0142ada! Rozw\u00f3j dzia\u0142alno\u015bci dzi\u0119ki wdro\u017ceniu do oferty mebli do samodzielnego sk\u0142adania Beneficjent: S\u0141AWOMIR PIASECZNY &#8222;STOL-S\u0141AW&#8221;Cel: Za\u0142o\u017ceniem projektu jest zmiana profilu dzia\u0142alno\u015bci firmy stolarskiej STOL-S\u0141AW dzi\u0119ki wdro\u017ceniu do oferty mebli do samodzielnego sk\u0142adania (typu flat-pack) w celu poprawy konkurencyjno\u015bci firmy.Dzia\u0142ania i rezultaty: Przedmiotem projektu jest unowocze\u015bnienie dzia\u0142alno\u015bci [&hellip;]","og_url":"https:\/\/stolslaw.pl\/?page_id=489","article_modified_time":"2026-04-15T08:22:46+00:00","og_image":[{"url":"https:\/\/stolslaw.pl\/wp-content\/uploads\/2026\/02\/FE-SL-kolor-poziom-1024x111.png"}],"twitter_card":"summary_large_image","twitter_misc":{"Szacowany czas czytania":"1 minuta"},"schema":{"@context":"https:\/\/schema.org","@graph":[{"@type":"WebPage","@id":"https:\/\/stolslaw.pl\/?page_id=489","url":"https:\/\/stolslaw.pl\/?page_id=489","name":"Projekty UE -","isPartOf":{"@id":"https:\/\/stolslaw.pl\/#website"},"primaryImageOfPage":{"@id":"https:\/\/stolslaw.pl\/?page_id=489#primaryimage"},"image":{"@id":"https:\/\/stolslaw.pl\/?page_id=489#primaryimage"},"thumbnailUrl":"https:\/\/stolslaw.pl\/wp-content\/uploads\/2026\/02\/FE-SL-kolor-poziom-1024x111.png","datePublished":"2026-02-27T20:39:29+00:00","dateModified":"2026-04-15T08:22:46+00:00","breadcrumb":{"@id":"https:\/\/stolslaw.pl\/?page_id=489#breadcrumb"},"inLanguage":"pl-PL","potentialAction":[{"@type":"ReadAction","target":["https:\/\/stolslaw.pl\/?page_id=489"]}]},{"@type":"ImageObject","inLanguage":"pl-PL","@id":"https:\/\/stolslaw.pl\/?page_id=489#primaryimage","url":"https:\/\/stolslaw.pl\/wp-content\/uploads\/2026\/02\/FE-SL-kolor-poziom.png","contentUrl":"https:\/\/stolslaw.pl\/wp-content\/uploads\/2026\/02\/FE-SL-kolor-poziom.png","width":2020,"height":218},{"@type":"BreadcrumbList","@id":"https:\/\/stolslaw.pl\/?page_id=489#breadcrumb","itemListElement":[{"@type":"ListItem","position":1,"name":"Strona g\u0142\u00f3wna","item":"https:\/\/stolslaw.pl\/"},{"@type":"ListItem","position":2,"name":"Projekty UE"}]},{"@type":"WebSite","@id":"https:\/\/stolslaw.pl\/#website","url":"https:\/\/stolslaw.pl\/","name":"","description":"","potentialAction":[{"@type":"SearchAction","target":{"@type":"EntryPoint","urlTemplate":"https:\/\/stolslaw.pl\/?s={search_term_string}"},"query-input":"required name=search_term_string"}],"inLanguage":"pl-PL"}]}},"_links":{"self":[{"href":"https:\/\/stolslaw.pl\/index.php?rest_route=\/wp\/v2\/pages\/489","targetHints":{"allow":["GET"]}}],"collection":[{"href":"https:\/\/stolslaw.pl\/index.php?rest_route=\/wp\/v2\/pages"}],"about":[{"href":"https:\/\/stolslaw.pl\/index.php?rest_route=\/wp\/v2\/types\/page"}],"author":[{"embeddable":true,"href":"https:\/\/stolslaw.pl\/index.php?rest_route=\/wp\/v2\/users\/2"}],"replies":[{"embeddable":true,"href":"https:\/\/stolslaw.pl\/index.php?rest_route=%2Fwp%2Fv2%2Fcomments&post=489"}],"version-history":[{"count":3,"href":"https:\/\/stolslaw.pl\/index.php?rest_route=\/wp\/v2\/pages\/489\/revisions"}],"predecessor-version":[{"id":560,"href":"https:\/\/stolslaw.pl\/index.php?rest_route=\/wp\/v2\/pages\/489\/revisions\/560"}],"wp:attachment":[{"href":"https:\/\/stolslaw.pl\/index.php?rest_route=%2Fwp%2Fv2%2Fmedia&parent=489"}],"curies":[{"name":"wp","href":"https:\/\/api.w.org\/{rel}","templated":true}]}}